{"id":2104,"date":"2018-08-28T13:15:19","date_gmt":"2018-08-28T11:15:19","guid":{"rendered":"https:\/\/licuskola.lv\/boat-rental\/"},"modified":"2026-02-17T16:27:48","modified_gmt":"2026-02-17T14:27:48","slug":"boat-rental","status":"publish","type":"page","link":"https:\/\/licuskola.lv\/en\/boat-rental\/","title":{"rendered":"Boat Rental"},"content":{"rendered":"\t\t<div data-elementor-type=\"wp-page\" data-elementor-id=\"2104\" class=\"elementor elementor-2104 elementor-149\">\n\t\t\t\t<div class=\"elementor-element elementor-element-29fcd1c e-flex e-con-boxed e-con e-parent\" data-id=\"29fcd1c\" data-element_type=\"container\" data-e-type=\"container\">\n\t\t\t\t\t<div class=\"e-con-inner\">\n\t\t<div class=\"elementor-element elementor-element-06fe75c e-con-full e-flex e-con e-child\" data-id=\"06fe75c\" data-element_type=\"container\" data-e-type=\"container\">\n\t\t\t\t<div class=\"elementor-element elementor-element-b1862e8 elementor-widget__width-initial elementor-widget elementor-widget-image\" data-id=\"b1862e8\" data-element_type=\"widget\" data-e-type=\"widget\" data-widget_type=\"image.default\">\n\t\t\t\t\t\t\t\t\t\t\t\t\t\t\t<img decoding=\"async\" width=\"226\" height=\"139\" src=\"https:\/\/licuskola.lv\/wp-content\/uploads\/2026\/02\/mucaslogo.png\" class=\"attachment-full size-full wp-image-2108\" alt=\"\" \/>\t\t\t\t\t\t\t\t\t\t\t\t\t\t\t<\/div>\n\t\t\t\t<div class=\"elementor-element elementor-element-e2a5746 elementor-widget elementor-widget-heading\" data-id=\"e2a5746\" data-element_type=\"widget\" data-e-type=\"widget\" data-widget_type=\"heading.default\">\n\t\t\t\t\t<h2 class=\"elementor-heading-title elementor-size-default\"><a href=\"http:\/\/www.laivunoma.com\/\">MU\u010cAS<\/a><\/h2>\t\t\t\t<\/div>\n\t\t\t\t<div class=\"elementor-element elementor-element-e19cace elementor-list-item-link-full_width elementor-widget elementor-widget-icon-list\" data-id=\"e19cace\" data-element_type=\"widget\" data-e-type=\"widget\" data-widget_type=\"icon-list.default\">\n\t\t\t\t\t\t\t<ul class=\"elementor-icon-list-items\">\n\t\t\t\t\t\t\t<li class=\"elementor-icon-list-item\">\n\t\t\t\t\t\t\t\t\t\t\t<span class=\"elementor-icon-list-icon\">\n\t\t\t\t\t\t\t<svg aria-hidden=\"true\" class=\"e-font-icon-svg e-fas-phone-square-alt\" viewBox=\"0 0 448 512\" xmlns=\"http:\/\/www.w3.org\/2000\/svg\"><path d=\"M400 32H48A48 48 0 0 0 0 80v352a48 48 0 0 0 48 48h352a48 48 0 0 0 48-48V80a48 48 0 0 0-48-48zm-16.39 307.37l-15 65A15 15 0 0 1 354 416C194 416 64 286.29 64 126a15.7 15.7 0 0 1 11.63-14.61l65-15A18.23 18.23 0 0 1 144 96a16.27 16.27 0 0 1 13.79 9.09l30 70A17.9 17.9 0 0 1 189 181a17 17 0 0 1-5.5 11.61l-37.89 31a231.91 231.91 0 0 0 110.78 110.78l31-37.89A17 17 0 0 1 299 291a17.85 17.85 0 0 1 5.91 1.21l70 30A16.25 16.25 0 0 1 384 336a17.41 17.41 0 0 1-.39 3.37z\"><\/path><\/svg>\t\t\t\t\t\t<\/span>\n\t\t\t\t\t\t\t\t\t\t<span class=\"elementor-icon-list-text\">Call: +371 29211634<\/span>\n\t\t\t\t\t\t\t\t\t<\/li>\n\t\t\t\t\t\t\t\t<li class=\"elementor-icon-list-item\">\n\t\t\t\t\t\t\t\t\t\t\t<span class=\"elementor-icon-list-icon\">\n\t\t\t\t\t\t\t<svg aria-hidden=\"true\" class=\"e-font-icon-svg e-fas-envelope-square\" viewBox=\"0 0 448 512\" xmlns=\"http:\/\/www.w3.org\/2000\/svg\"><path d=\"M400 32H48C21.49 32 0 53.49 0 80v352c0 26.51 21.49 48 48 48h352c26.51 0 48-21.49 48-48V80c0-26.51-21.49-48-48-48zM178.117 262.104C87.429 196.287 88.353 196.121 64 177.167V152c0-13.255 10.745-24 24-24h272c13.255 0 24 10.745 24 24v25.167c-24.371 18.969-23.434 19.124-114.117 84.938-10.5 7.655-31.392 26.12-45.883 25.894-14.503.218-35.367-18.227-45.883-25.895zM384 217.775V360c0 13.255-10.745 24-24 24H88c-13.255 0-24-10.745-24-24V217.775c13.958 10.794 33.329 25.236 95.303 70.214 14.162 10.341 37.975 32.145 64.694 32.01 26.887.134 51.037-22.041 64.72-32.025 61.958-44.965 81.325-59.406 95.283-70.199z\"><\/path><\/svg>\t\t\t\t\t\t<\/span>\n\t\t\t\t\t\t\t\t\t\t<span class=\"elementor-icon-list-text\">Email: info@laivunoma.com<\/span>\n\t\t\t\t\t\t\t\t\t<\/li>\n\t\t\t\t\t\t\t\t<li class=\"elementor-icon-list-item\">\n\t\t\t\t\t\t\t\t\t\t\t<a href=\"http:\/\/www.laivunoma.com\/\">\n\n\t\t\t\t\t\t\t\t\t\t\t\t<span class=\"elementor-icon-list-icon\">\n\t\t\t\t\t\t\t<svg aria-hidden=\"true\" class=\"e-font-icon-svg e-fas-external-link-square-alt\" viewBox=\"0 0 448 512\" xmlns=\"http:\/\/www.w3.org\/2000\/svg\"><path d=\"M448 80v352c0 26.51-21.49 48-48 48H48c-26.51 0-48-21.49-48-48V80c0-26.51 21.49-48 48-48h352c26.51 0 48 21.49 48 48zm-88 16H248.029c-21.313 0-32.08 25.861-16.971 40.971l31.984 31.987L67.515 364.485c-4.686 4.686-4.686 12.284 0 16.971l31.029 31.029c4.687 4.686 12.285 4.686 16.971 0l195.526-195.526 31.988 31.991C358.058 263.977 384 253.425 384 231.979V120c0-13.255-10.745-24-24-24z\"><\/path><\/svg>\t\t\t\t\t\t<\/span>\n\t\t\t\t\t\t\t\t\t\t<span class=\"elementor-icon-list-text\">Learn more!<\/span>\n\t\t\t\t\t\t\t\t\t\t\t<\/a>\n\t\t\t\t\t\t\t\t\t<\/li>\n\t\t\t\t\t\t<\/ul>\n\t\t\t\t\t\t<\/div>\n\t\t\t\t<div class=\"elementor-element elementor-element-fbefa03 elementor-widget elementor-widget-text-editor\" data-id=\"fbefa03\" data-element_type=\"widget\" data-e-type=\"widget\" data-widget_type=\"text-editor.default\">\n\t\t\t\t\t\t\t\t\t<p>Boat rental &#8220;Mu\u010das&#8221; offers boat rentals for trips on various Latvian rivers, including Gauja, Salaca, Brasla, Daugava, Lielupe, M\u0113mele, Abava, Venta and Irbe. To rent equipment, customers need to contact the contact person at the nearest boat base in Sigulda, Staicele, Daugavpils, Jelgava or Kuld\u012bga. &#8220;Mu\u010das&#8221; provides everything necessary for a pleasant time on the water.  <\/p>\t\t\t\t\t\t\t\t<\/div>\n\t\t\t\t<\/div>\n\t\t<div class=\"elementor-element elementor-element-d0e7705 e-con-full e-flex e-con e-child\" data-id=\"d0e7705\" data-element_type=\"container\" data-e-type=\"container\">\n\t\t\t\t<div class=\"elementor-element elementor-element-142a7fd elementor-widget elementor-widget-image\" data-id=\"142a7fd\" data-element_type=\"widget\" data-e-type=\"widget\" data-widget_type=\"image.default\">\n\t\t\t\t\t\t\t\t\t\t\t\t\t\t\t<img decoding=\"async\" width=\"150\" height=\"150\" src=\"https:\/\/licuskola.lv\/wp-content\/uploads\/2026\/02\/305287030_483553073779638_911093-150x150.jpg\" class=\"attachment-thumbnail size-thumbnail wp-image-2109\" alt=\"\" srcset=\"https:\/\/licuskola.lv\/wp-content\/uploads\/2026\/02\/305287030_483553073779638_911093-150x150.jpg 150w, https:\/\/licuskola.lv\/wp-content\/uploads\/2026\/02\/305287030_483553073779638_911093-300x300.jpg 300w, https:\/\/licuskola.lv\/wp-content\/uploads\/2026\/02\/305287030_483553073779638_911093-768x768.jpg 768w, https:\/\/licuskola.lv\/wp-content\/uploads\/2026\/02\/305287030_483553073779638_911093-600x600.jpg 600w, https:\/\/licuskola.lv\/wp-content\/uploads\/2026\/02\/305287030_483553073779638_911093-100x100.jpg 100w, https:\/\/licuskola.lv\/wp-content\/uploads\/2026\/02\/305287030_483553073779638_911093.jpg 819w\" sizes=\"(max-width: 150px) 100vw, 150px\" \/>\t\t\t\t\t\t\t\t\t\t\t\t\t\t\t<\/div>\n\t\t\t\t<div class=\"elementor-element elementor-element-9208ec3 elementor-widget elementor-widget-heading\" data-id=\"9208ec3\" data-element_type=\"widget\" data-e-type=\"widget\" data-widget_type=\"heading.default\">\n\t\t\t\t\t<h2 class=\"elementor-heading-title elementor-size-default\"><a href=\"https:\/\/www.salacaskanoe.lv\/\">SALACAS KANOE<\/a><\/h2>\t\t\t\t<\/div>\n\t\t\t\t<div class=\"elementor-element elementor-element-7116418 elementor-list-item-link-full_width elementor-widget elementor-widget-icon-list\" data-id=\"7116418\" data-element_type=\"widget\" data-e-type=\"widget\" data-widget_type=\"icon-list.default\">\n\t\t\t\t\t\t\t<ul class=\"elementor-icon-list-items\">\n\t\t\t\t\t\t\t<li class=\"elementor-icon-list-item\">\n\t\t\t\t\t\t\t\t\t\t\t<span class=\"elementor-icon-list-icon\">\n\t\t\t\t\t\t\t<svg aria-hidden=\"true\" class=\"e-font-icon-svg e-fas-phone-square-alt\" viewBox=\"0 0 448 512\" xmlns=\"http:\/\/www.w3.org\/2000\/svg\"><path d=\"M400 32H48A48 48 0 0 0 0 80v352a48 48 0 0 0 48 48h352a48 48 0 0 0 48-48V80a48 48 0 0 0-48-48zm-16.39 307.37l-15 65A15 15 0 0 1 354 416C194 416 64 286.29 64 126a15.7 15.7 0 0 1 11.63-14.61l65-15A18.23 18.23 0 0 1 144 96a16.27 16.27 0 0 1 13.79 9.09l30 70A17.9 17.9 0 0 1 189 181a17 17 0 0 1-5.5 11.61l-37.89 31a231.91 231.91 0 0 0 110.78 110.78l31-37.89A17 17 0 0 1 299 291a17.85 17.85 0 0 1 5.91 1.21l70 30A16.25 16.25 0 0 1 384 336a17.41 17.41 0 0 1-.39 3.37z\"><\/path><\/svg>\t\t\t\t\t\t<\/span>\n\t\t\t\t\t\t\t\t\t\t<span class=\"elementor-icon-list-text\">Call: +371 29286988<\/span>\n\t\t\t\t\t\t\t\t\t<\/li>\n\t\t\t\t\t\t\t\t<li class=\"elementor-icon-list-item\">\n\t\t\t\t\t\t\t\t\t\t\t<span class=\"elementor-icon-list-icon\">\n\t\t\t\t\t\t\t<svg aria-hidden=\"true\" class=\"e-font-icon-svg e-fas-envelope-square\" viewBox=\"0 0 448 512\" xmlns=\"http:\/\/www.w3.org\/2000\/svg\"><path d=\"M400 32H48C21.49 32 0 53.49 0 80v352c0 26.51 21.49 48 48 48h352c26.51 0 48-21.49 48-48V80c0-26.51-21.49-48-48-48zM178.117 262.104C87.429 196.287 88.353 196.121 64 177.167V152c0-13.255 10.745-24 24-24h272c13.255 0 24 10.745 24 24v25.167c-24.371 18.969-23.434 19.124-114.117 84.938-10.5 7.655-31.392 26.12-45.883 25.894-14.503.218-35.367-18.227-45.883-25.895zM384 217.775V360c0 13.255-10.745 24-24 24H88c-13.255 0-24-10.745-24-24V217.775c13.958 10.794 33.329 25.236 95.303 70.214 14.162 10.341 37.975 32.145 64.694 32.01 26.887.134 51.037-22.041 64.72-32.025 61.958-44.965 81.325-59.406 95.283-70.199z\"><\/path><\/svg>\t\t\t\t\t\t<\/span>\n\t\t\t\t\t\t\t\t\t\t<span class=\"elementor-icon-list-text\">Email: kanoe@salacaskanoe.lv<\/span>\n\t\t\t\t\t\t\t\t\t<\/li>\n\t\t\t\t\t\t\t\t<li class=\"elementor-icon-list-item\">\n\t\t\t\t\t\t\t\t\t\t\t<a href=\"https:\/\/www.salacaskanoe.lv\/\">\n\n\t\t\t\t\t\t\t\t\t\t\t\t<span class=\"elementor-icon-list-icon\">\n\t\t\t\t\t\t\t<svg aria-hidden=\"true\" class=\"e-font-icon-svg e-fas-external-link-square-alt\" viewBox=\"0 0 448 512\" xmlns=\"http:\/\/www.w3.org\/2000\/svg\"><path d=\"M448 80v352c0 26.51-21.49 48-48 48H48c-26.51 0-48-21.49-48-48V80c0-26.51 21.49-48 48-48h352c26.51 0 48 21.49 48 48zm-88 16H248.029c-21.313 0-32.08 25.861-16.971 40.971l31.984 31.987L67.515 364.485c-4.686 4.686-4.686 12.284 0 16.971l31.029 31.029c4.687 4.686 12.285 4.686 16.971 0l195.526-195.526 31.988 31.991C358.058 263.977 384 253.425 384 231.979V120c0-13.255-10.745-24-24-24z\"><\/path><\/svg>\t\t\t\t\t\t<\/span>\n\t\t\t\t\t\t\t\t\t\t<span class=\"elementor-icon-list-text\">Learn more!<\/span>\n\t\t\t\t\t\t\t\t\t\t\t<\/a>\n\t\t\t\t\t\t\t\t\t<\/li>\n\t\t\t\t\t\t<\/ul>\n\t\t\t\t\t\t<\/div>\n\t\t\t\t<div class=\"elementor-element elementor-element-2a03b14 elementor-widget elementor-widget-text-editor\" data-id=\"2a03b14\" data-element_type=\"widget\" data-e-type=\"widget\" data-widget_type=\"text-editor.default\">\n\t\t\t\t\t\t\t\t\t<p>Salacas Kanoe offers boat rental on the Salaca River. Canoes, SUP and kayaks. Decide how many people you want to paddle, what type of boats, two-seater or three-seater, if you know where you want to stay, if not, that&#8217;s okay, call and we&#8217;ll help you!  <\/p>\t\t\t\t\t\t\t\t<\/div>\n\t\t\t\t<\/div>\n\t\t\t\t\t<\/div>\n\t\t\t\t<\/div>\n\t\t<div class=\"elementor-element elementor-element-39d6be7 e-flex e-con-boxed e-con e-parent\" data-id=\"39d6be7\" data-element_type=\"container\" data-e-type=\"container\">\n\t\t\t\t\t<div class=\"e-con-inner\">\n\t\t\t\t<div class=\"elementor-element elementor-element-b12da94 elementor-widget elementor-widget-shortcode\" data-id=\"b12da94\" data-element_type=\"widget\" data-e-type=\"widget\" data-widget_type=\"shortcode.default\">\n\t\t\t\t\t\t\t<div class=\"elementor-shortcode\"><div class=\"mphb_sc_search-wrapper dark horizontal\">\n<form method=\"GET\" class=\"mphb_sc_search-form\" action=\"https:\/\/licuskola.lv\/en\/search-results\/\" data-first_available_check_in_date=\"2026-05-02\">\n\n\t<p class = \"mphb-required-fields-tip\">\n\t<small>\n\t\tRequired fields are followed by\t\t<abbr title=\"required\">*<\/abbr>\n\t<\/small>\n<\/p>\n\n\t<p class=\"mphb_sc_search-check-in-date\">\n\t\t<label for=\"mphb_check_in_date-mphb-search-form-69f231b3b0afa\">\n\t\t\tCheck-in\t\t\t<abbr title=\"Formatted as dd\/mm\/yyyy\">*<\/abbr>\n\t\t<\/label>\n\t\t<br \/>\n\t\t<input\n\t\t\tid=\"mphb_check_in_date-mphb-search-form-69f231b3b0afa\"\n\t\t\tdata-datepick-group=\"mphb-search-form-69f231b3b0afa\"\n\t\t\tvalue=\"\"\n\t\t\tplaceholder=\"Check-in Date\"\n\t\t\trequired=\"required\"\n\t\t\ttype=\"text\"\n\t\t\tinputmode=\"none\"\n\t\t\tname=\"mphb_check_in_date\"\n\t\t\tclass=\"mphb-datepick\"\n\t\t\tautocomplete=\"off\"\n\t\t\t\/>\n\t<\/p>\n\n\t<p class=\"mphb_sc_search-check-out-date\">\n\t\t<label for=\"mphb_check_out_date-mphb-search-form-69f231b3b0afa\">\n\t\t\tCheck-out\t\t\t<abbr title=\"Formatted as dd\/mm\/yyyy\">*<\/abbr>\n\t\t<\/label>\n\t\t<br \/>\n\t\t<input\n\t\t\tid=\"mphb_check_out_date-mphb-search-form-69f231b3b0afa\"\n\t\t\tdata-datepick-group=\"mphb-search-form-69f231b3b0afa\"\n\t\t\tvalue=\"\"\n\t\t\tplaceholder=\"Check-out Date\"\n\t\t\trequired=\"required\"\n\t\t\ttype=\"text\"\n\t\t\tinputmode=\"none\"\n\t\t\tname=\"mphb_check_out_date\"\n\t\t\tclass=\"mphb-datepick\"\n\t\t\tautocomplete=\"off\"\n\t\t\t\/>\n\t<\/p>\n\n\t\t\t<input type=\"hidden\" id=\"mphb_adults-mphb-search-form-69f231b3b0afa\" name=\"mphb_adults\" value=\"1\" \/>\n\t\n\t\t\t<input type=\"hidden\" id=\"mphb_children-mphb-search-form-69f231b3b0afa\" name=\"mphb_children\" value=\"0\" \/>\n\t\n\t\n\t\t\t<p class=\"mphb_sc_search-unit-type\">\n\t\t\t<label for=\"mphb_unit-type-mphb-search-form-69f231b3b0afa\">\n\t\t\t\tCampsite type\t\t\t<\/label>\n\t\t\t<br \/>\n\t\t\t<select id=\"mphb_unit-type-mphb-search-form-69f231b3b0afa\" name=\"mphb_attributes[unit-type]\">\n\t\t\t\t<option value=\"\">&mdash;<\/option>\n\t\t\t\t\t\t\t\t\t<option value=\"94\">Campfire and Tent Pitch<\/option>\n\t\t\t\t\t\t\t\t\t<option value=\"109\">Gazebo<\/option>\n\t\t\t\t\t\t\t\t\t<option value=\"97\">Room<\/option>\n\t\t\t\t\t\t\t\t\t<option value=\"106\">Sauna<\/option>\n\t\t\t\t\t\t\t\t\t<option value=\"113\">Stage House<\/option>\n\t\t\t\t\t\t\t<\/select>\n\t\t<\/p>\n\t\n\t<input id=\"mphb_check_in_date-mphb-search-form-69f231b3b0afa-hidden\" value=\"\" type=\"hidden\" name=\"mphb_check_in_date\" \/><input id=\"mphb_check_out_date-mphb-search-form-69f231b3b0afa-hidden\" value=\"\" type=\"hidden\" name=\"mphb_check_out_date\" \/>\n\t<p class=\"mphb_sc_search-submit-button-wrapper\">\n\t\t<input type=\"submit\" class=\"button\" value=\"Search\"\/>\n\t<\/p>\n\n\t\n<\/form>\n<\/div><\/div>\n\t\t\t\t\t\t<\/div>\n\t\t\t\t\t<\/div>\n\t\t\t\t<\/div>\n\t\t<div class=\"elementor-element elementor-element-7b70bf5 e-flex e-con-boxed e-con e-parent\" data-id=\"7b70bf5\" data-element_type=\"container\" data-e-type=\"container\" data-settings=\"{&quot;background_background&quot;:&quot;classic&quot;}\">\n\t\t\t\t\t<div class=\"e-con-inner\">\n\t\t<div class=\"elementor-element elementor-element-52cbe62 e-con-full e-flex e-con e-child\" data-id=\"52cbe62\" data-element_type=\"container\" data-e-type=\"container\">\n\t\t<div class=\"elementor-element elementor-element-1cb99f3 e-con-full e-flex e-con e-child\" data-id=\"1cb99f3\" data-element_type=\"container\" data-e-type=\"container\">\n\t\t\t\t<div class=\"elementor-element elementor-element-e0e6369 elementor-widget elementor-widget-heading\" data-id=\"e0e6369\" data-element_type=\"widget\" data-e-type=\"widget\" data-widget_type=\"heading.default\">\n\t\t\t\t\t<h2 class=\"elementor-heading-title elementor-size-default\">Canoeing on the Upper Salaca<\/h2>\t\t\t\t<\/div>\n\t\t\t\t<div class=\"elementor-element elementor-element-80d342c elementor-widget elementor-widget-text-editor\" data-id=\"80d342c\" data-element_type=\"widget\" data-e-type=\"widget\" data-widget_type=\"text-editor.default\">\n\t\t\t\t\t\t\t\t\t<p data-start=\"137\" data-end=\"556\">Salaca is one of the most scenic rivers in Latvia, and particularly beautiful is the section that runs through Ska\u0146\u0101kalns Nature Park, where during paddling it&#8217;s possible to see sandstone cliff outcrops, forested banks and pristine river scenery. Upper Salaca routes usually start in Vecate, at the Salaca outflow from Lake Burtnieks or in Mazsalaca and continue to Staicele, offering peaceful and pleasant paddling for one or several days. <\/p><p data-start=\"558\" data-end=\"836\">L\u012a\u010cU SKOLA is located right in the middle between Mazsalaca and Staicele, making it a convenient accommodation and rest stop for multi-day canoeing trips. Here you can easily get out of the river, rest and continue your journey the next day! <\/p>\t\t\t\t\t\t\t\t<\/div>\n\t\t\t\t<\/div>\n\t\t\t\t<\/div>\n\t\t<div class=\"elementor-element elementor-element-9690a6e e-con-full e-flex e-con e-child\" data-id=\"9690a6e\" data-element_type=\"container\" data-e-type=\"container\">\n\t\t\t\t<div class=\"elementor-element elementor-element-22ed01d elementor-widget elementor-widget-image\" data-id=\"22ed01d\" data-element_type=\"widget\" data-e-type=\"widget\" data-widget_type=\"image.default\">\n\t\t\t\t\t\t\t\t\t\t\t\t\t\t\t<img fetchpriority=\"high\" decoding=\"async\" width=\"768\" height=\"511\" src=\"https:\/\/licuskola.lv\/wp-content\/uploads\/2026\/02\/nelku-klintis-salaca-1-768x511.webp\" class=\"attachment-medium_large size-medium_large wp-image-2107\" alt=\"Ne\u013c\u0137u Cliffs Salaca\" srcset=\"https:\/\/licuskola.lv\/wp-content\/uploads\/2026\/02\/nelku-klintis-salaca-1-768x511.webp 768w, https:\/\/licuskola.lv\/wp-content\/uploads\/2026\/02\/nelku-klintis-salaca-1-300x200.webp 300w, https:\/\/licuskola.lv\/wp-content\/uploads\/2026\/02\/nelku-klintis-salaca-1-1024x681.webp 1024w, https:\/\/licuskola.lv\/wp-content\/uploads\/2026\/02\/nelku-klintis-salaca-1-1536x1021.jpg 1536w, https:\/\/licuskola.lv\/wp-content\/uploads\/2026\/02\/nelku-klintis-salaca-1-891x593.jpg 891w, https:\/\/licuskola.lv\/wp-content\/uploads\/2026\/02\/nelku-klintis-salaca-1-1320x878.jpg 1320w, https:\/\/licuskola.lv\/wp-content\/uploads\/2026\/02\/nelku-klintis-salaca-1-600x399.jpg 600w, https:\/\/licuskola.lv\/wp-content\/uploads\/2026\/02\/nelku-klintis-salaca-1.webp 1624w\" sizes=\"(max-width: 768px) 100vw, 768px\" \/>\t\t\t\t\t\t\t\t\t\t\t\t\t\t\t<\/div>\n\t\t\t\t<\/div>\n\t\t\t\t\t<\/div>\n\t\t\t\t<\/div>\n\t\t\t\t<section class=\"elementor-section elementor-top-section elementor-element elementor-element-47351184 elementor-section-full_width elementor-section-stretched elementor-section-height-default elementor-section-height-default\" data-id=\"47351184\" data-element_type=\"section\" data-e-type=\"section\" data-settings=\"{&quot;stretch_section&quot;:&quot;section-stretched&quot;,&quot;background_background&quot;:&quot;classic&quot;}\">\n\t\t\t\t\t\t\t<div class=\"elementor-background-overlay\"><\/div>\n\t\t\t\t\t\t\t<div class=\"elementor-container elementor-column-gap-custom\">\n\t\t\t\t\t<div class=\"elementor-column elementor-col-66 elementor-top-column elementor-element elementor-element-37a89ee1\" data-id=\"37a89ee1\" data-element_type=\"column\" data-e-type=\"column\">\n\t\t\t<div class=\"elementor-widget-wrap elementor-element-populated\">\n\t\t\t\t\t\t<div class=\"elementor-element elementor-element-1d3ccd0 elementor-widget__width-inherit elementor-widget elementor-widget-google_maps\" data-id=\"1d3ccd0\" data-element_type=\"widget\" data-e-type=\"widget\" data-widget_type=\"google_maps.default\">\n\t\t\t\t\t\t\t<div class=\"elementor-custom-embed\">\n\t\t\t<iframe loading=\"lazy\"\n\t\t\t\t\tsrc=\"https:\/\/maps.google.com\/maps?q=l%C4%ABcu%20skola&#038;t=m&#038;z=11&#038;output=embed&#038;iwloc=near\"\n\t\t\t\t\ttitle=\"l\u012bcu skola\"\n\t\t\t\t\taria-label=\"l\u012bcu skola\"\n\t\t\t><\/iframe>\n\t\t<\/div>\n\t\t\t\t\t\t<\/div>\n\t\t\t\t\t<\/div>\n\t\t<\/div>\n\t\t\t\t<div class=\"elementor-column elementor-col-33 elementor-top-column elementor-element elementor-element-3d802f85\" data-id=\"3d802f85\" data-element_type=\"column\" data-e-type=\"column\">\n\t\t\t<div class=\"elementor-widget-wrap elementor-element-populated\">\n\t\t\t\t\t\t<div class=\"elementor-element elementor-element-1f4a042d elementor-widget elementor-widget-heading\" data-id=\"1f4a042d\" data-element_type=\"widget\" data-e-type=\"widget\" data-widget_type=\"heading.default\">\n\t\t\t\t\t<h2 class=\"elementor-heading-title elementor-size-default\">We await you!<\/h2>\t\t\t\t<\/div>\n\t\t\t\t<div class=\"elementor-element elementor-element-4e5b660a elementor-widget elementor-widget-campterra-icon-text-short\" data-id=\"4e5b660a\" data-element_type=\"widget\" data-e-type=\"widget\" data-widget_type=\"campterra-icon-text-short.default\">\n\t\t\t\t<div class=\"elementor-widget-container\">\n\t\t\t\t\t    <div class=\"icon-text\">\r\n        <i class=\"fas fa-map-marker-alt\"><\/i>\r\n        <div class=\"text\">\r\n            L\u012b\u010du skola, Ramatas Parish.\n        <\/div>\r\n    <\/div>\r\n    \t\t\t\t<\/div>\n\t\t\t\t<\/div>\n\t\t\t\t<div class=\"elementor-element elementor-element-2889df80 elementor-widget elementor-widget-campterra-icon-text-short\" data-id=\"2889df80\" data-element_type=\"widget\" data-e-type=\"widget\" data-widget_type=\"campterra-icon-text-short.default\">\n\t\t\t\t<div class=\"elementor-widget-container\">\n\t\t\t\t\t    <div class=\"icon-text\">\r\n        <i class=\"fas fa-mobile\"><\/i>\r\n        <div class=\"text\">\r\n            +371 28790768        <\/div>\r\n    <\/div>\r\n    \t\t\t\t<\/div>\n\t\t\t\t<\/div>\n\t\t\t\t<div class=\"elementor-element elementor-element-7e06c9ed elementor-widget elementor-widget-campterra-icon-text-short\" data-id=\"7e06c9ed\" data-element_type=\"widget\" data-e-type=\"widget\" data-widget_type=\"campterra-icon-text-short.default\">\n\t\t\t\t<div class=\"elementor-widget-container\">\n\t\t\t\t\t    <div class=\"icon-text\">\r\n        <i class=\"fas fa-at\"><\/i>\r\n        <div class=\"text\">\r\n            licu.skola.info@gmail.com        <\/div>\r\n    <\/div>\r\n    \t\t\t\t<\/div>\n\t\t\t\t<\/div>\n\t\t\t\t\t<\/div>\n\t\t<\/div>\n\t\t\t\t\t<\/div>\n\t\t<\/section>\n\t\t\t\t<\/div>\n\t\t","protected":false},"excerpt":{"rendered":"<p>MU\u010cAS Call: +371 29211634 Email: info@laivunoma.com Learn more! Boat rental &#8220;Mu\u010das&#8221; offers boat rentals for trips on various Latvian rivers, including Gauja, Salaca, Brasla, Daugava, Lielupe, M\u0113mele, Abava, Venta and Irbe. To rent equipment, customers need to contact the contact person at the nearest boat base in Sigulda, Staicele, Daugavpils, Jelgava or Kuld\u012bga. &#8220;Mu\u010das&#8221; provides [&hellip;]<\/p>\n","protected":false},"author":1,"featured_media":0,"parent":0,"menu_order":0,"comment_status":"closed","ping_status":"closed","template":"elementor_header_footer","meta":{"inline_featured_image":false,"footnotes":""},"class_list":["post-2104","page","type-page","status-publish","hentry"],"_links":{"self":[{"href":"https:\/\/licuskola.lv\/en\/wp-json\/wp\/v2\/pages\/2104","targetHints":{"allow":["GET"]}}],"collection":[{"href":"https:\/\/licuskola.lv\/en\/wp-json\/wp\/v2\/pages"}],"about":[{"href":"https:\/\/licuskola.lv\/en\/wp-json\/wp\/v2\/types\/page"}],"author":[{"embeddable":true,"href":"https:\/\/licuskola.lv\/en\/wp-json\/wp\/v2\/users\/1"}],"replies":[{"embeddable":true,"href":"https:\/\/licuskola.lv\/en\/wp-json\/wp\/v2\/comments?post=2104"}],"version-history":[{"count":2,"href":"https:\/\/licuskola.lv\/en\/wp-json\/wp\/v2\/pages\/2104\/revisions"}],"predecessor-version":[{"id":2658,"href":"https:\/\/licuskola.lv\/en\/wp-json\/wp\/v2\/pages\/2104\/revisions\/2658"}],"wp:attachment":[{"href":"https:\/\/licuskola.lv\/en\/wp-json\/wp\/v2\/media?parent=2104"}],"curies":[{"name":"wp","href":"https:\/\/api.w.org\/{rel}","templated":true}]}}